{"id":66423,"date":"2018-01-17T14:35:47","date_gmt":"2018-01-17T13:35:47","guid":{"rendered":"http:\/\/bysiebenaler.com\/?page_id=66423"},"modified":"2018-12-07T13:48:44","modified_gmt":"2018-12-07T12:48:44","slug":"dresses-by","status":"publish","type":"page","link":"https:\/\/bysiebenaler.com\/lb\/dresses-by\/","title":{"rendered":"Kleeder By"},"content":{"rendered":"<div class=\"wpb-content-wrapper\"><p>[vc_row row_height_percent=&#8221;0&#8243; override_padding=&#8221;yes&#8221; h_padding=&#8221;2&#8243; top_padding=&#8221;5&#8243; bottom_padding=&#8221;5&#8243; back_color=&#8221;color-lxmt&#8221; back_image=&#8221;74966&#8243; back_position=&#8221;center center&#8221; parallax=&#8221;yes&#8221; overlay_alpha=&#8221;0&#8243; gutter_size=&#8221;100&#8243; column_width_percent=&#8221;100&#8243; border_color=&#8221;color-gyho&#8221; border_style=&#8221;solid&#8221; shift_y=&#8221;0&#8243; z_index=&#8221;0&#8243; style=&#8221;inherited&#8221; css=&#8221;.vc_custom_1518094659947{border-top-width: 0px !important;border-bottom-width: 1px !important;}&#8221;][vc_column column_width_use_pixel=&#8221;yes&#8221; position_vertical=&#8221;middle&#8221; align_horizontal=&#8221;align_center&#8221; font_family=&#8221;font-762333&#8243; overlay_alpha=&#8221;100&#8243; gutter_size=&#8221;3&#8243; medium_width=&#8221;0&#8243; shift_x=&#8221;0&#8243; shift_y=&#8221;0&#8243; z_index=&#8221;0&#8243; zoom_width=&#8221;0&#8243; zoom_height=&#8221;0&#8243; width=&#8221;1\/1&#8243; column_width_pixel=&#8221;760&#8243;][vc_custom_heading heading_semantic=&#8221;h1&#8243; text_size=&#8221;fontsize-338686&#8243; text_space=&#8221;fontspace-781688&#8243; text_font=&#8221;font-202503&#8243; text_italic=&#8221;yes&#8221; text_color=&#8221;color-xsdn&#8221; sub_lead=&#8221;yes&#8221; sub_reduced=&#8221;yes&#8221; text_align=&#8221;text-center&#8221;]Kleeder By[\/vc_custom_heading][\/vc_column][\/vc_row][vc_row row_height_percent=&#8221;0&#8243; override_padding=&#8221;yes&#8221; h_padding=&#8221;2&#8243; top_padding=&#8221;3&#8243; bottom_padding=&#8221;3&#8243; back_color=&#8221;color-lxmt&#8221; overlay_alpha=&#8221;100&#8243; gutter_size=&#8221;100&#8243; column_width_percent=&#8221;100&#8243; shift_y=&#8221;0&#8243; z_index=&#8221;0&#8243; style=&#8221;inherited&#8221;][vc_column column_width_percent=&#8221;70&#8243; align_horizontal=&#8221;align_center&#8221; overlay_alpha=&#8221;50&#8243; gutter_size=&#8221;3&#8243; medium_width=&#8221;0&#8243; mobile_width=&#8221;0&#8243; shift_x=&#8221;0&#8243; shift_y=&#8221;0&#8243; shift_y_down=&#8221;0&#8243; z_index=&#8221;0&#8243; zoom_width=&#8221;0&#8243; zoom_height=&#8221;0&#8243; width=&#8221;1\/1&#8243;][vc_custom_heading text_font=&#8221;font-202503&#8243; sub_reduced=&#8221;yes&#8221; text_align=&#8221;text-center&#8221; text_serif=&#8221;&#8221; text_uppercase=&#8221;&#8221; subheading=&#8221;D\u2019Kollektioun Pure Motion ass inspir\u00e9iert duerch d\u2019Natur an hir Estetik d\u00e9i se \u00ebmg\u00ebtt. Heiduerch ass en z\u00e4itlosen Design garant\u00e9iert, wat e beliewent Gefill verm\u00ebttelt.<br \/>\nD\u2019Kleeder bestinn aus feinster Satin-Seid, Chiffon a Satin Duchesse mat engem modernen awer diskretenTouch\u00e9 vu Musteren, inspir\u00e9iert aus Molerei an Fotographie.<br \/>\nVerschidde Kleeder k\u00ebnnen och zu ganz normalen Oweskleeder emgewandelt ginn.&#8221;]Konzept[\/vc_custom_heading][\/vc_column][\/vc_row][vc_row unlock_row=&#8221;&#8221; row_height_percent=&#8221;0&#8243; override_padding=&#8221;yes&#8221; h_padding=&#8221;2&#8243; top_padding=&#8221;3&#8243; bottom_padding=&#8221;3&#8243; overlay_alpha=&#8221;100&#8243; gutter_size=&#8221;100&#8243; shift_y=&#8221;0&#8243; style=&#8221;inherited&#8221;][vc_column column_width_percent=&#8221;100&#8243; align_horizontal=&#8221;align_center&#8221; overlay_alpha=&#8221;50&#8243; gutter_size=&#8221;3&#8243; medium_width=&#8221;0&#8243; shift_x=&#8221;0&#8243; shift_y=&#8221;0&#8243; zoom_width=&#8221;0&#8243; zoom_height=&#8221;0&#8243; width=&#8221;1\/1&#8243;][vc_custom_heading text_font=&#8221;font-202503&#8243; sub_reduced=&#8221;yes&#8221; text_align=&#8221;text-center&#8221; text_serif=&#8221;&#8221; text_uppercase=&#8221;&#8221;]Entdeckt Kreatiounen \u201cBy&#8221;[\/vc_custom_heading][vc_separator type=&#8221;dashed&#8221;][uncode_index el_id=&#8221;index-1&#8243; loop=&#8221;size:All|order_by:rand|order:DESC|post_type:portfolio|tax_query:122,123|by_id:-4140&#8243; filtering=&#8221;yes&#8221; filtering_position=&#8221;center&#8221; filtering_uppercase=&#8221;yes&#8221; gutter_size=&#8221;2&#8243; post_items=&#8221;media,title,category,date,text,link,author,sep-one,extra&#8221; portfolio_items=&#8221;title,media|featured|onpost|original&#8221; screen_lg=&#8221;1000&#8243; screen_md=&#8221;600&#8243; screen_sm=&#8221;480&#8243; single_text=&#8221;overlay&#8221; single_style=&#8221;dark&#8221; single_overlay_color=&#8221;color-xsdn&#8221; single_overlay_opacity=&#8221;80&#8243; single_h_align=&#8221;center&#8221; single_padding=&#8221;2&#8243; single_text_reduced=&#8221;yes&#8221; single_title_transform=&#8221;uppercase&#8221; single_title_dimension=&#8221;h6&#8243; single_title_family=&#8221;font-762333&#8243; single_border=&#8221;yes&#8221; single_css_animation=&#8221;zoom-in&#8221; single_animation_delay=&#8221;200&#8243; footer_position=&#8221;left&#8221; carousel_rtl=&#8221;&#8221; single_half_padding=&#8221;&#8221; single_title_bold=&#8221;&#8221; single_title_serif=&#8221;&#8221; single_no_background=&#8221;&#8221;][\/vc_column][\/vc_row]<\/p>\n<\/div>","protected":false},"excerpt":{"rendered":"<p>[vc_row row_height_percent=&#8221;0&#8243; override_padding=&#8221;yes&#8221; h_padding=&#8221;2&#8243; top_padding=&#8221;5&#8243; bottom_padding=&#8221;5&#8243; back_color=&#8221;color-lxmt&#8221; back_image=&#8221;74966&#8243; back_position=&#8221;center center&#8221; parallax=&#8221;yes&#8221; overlay_alpha=&#8221;0&#8243; gutter_size=&#8221;100&#8243; column_width_percent=&#8221;100&#8243; border_color=&#8221;color-gyho&#8221; border_style=&#8221;solid&#8221; shift_y=&#8221;0&#8243; z_index=&#8221;0&#8243; style=&#8221;inherited&#8221; css=&#8221;.vc_custom_1518094659947{border-top-width: [&hellip;]<\/p>\n","protected":false},"author":1,"featured_media":0,"parent":0,"menu_order":0,"comment_status":"open","ping_status":"open","template":"","meta":{"footnotes":""},"class_list":["post-66423","page","type-page","status-publish","hentry"],"_links":{"self":[{"href":"https:\/\/bysiebenaler.com\/lb\/wp-json\/wp\/v2\/pages\/66423","targetHints":{"allow":["GET"]}}],"collection":[{"href":"https:\/\/bysiebenaler.com\/lb\/wp-json\/wp\/v2\/pages"}],"about":[{"href":"https:\/\/bysiebenaler.com\/lb\/wp-json\/wp\/v2\/types\/page"}],"author":[{"embeddable":true,"href":"https:\/\/bysiebenaler.com\/lb\/wp-json\/wp\/v2\/users\/1"}],"replies":[{"embeddable":true,"href":"https:\/\/bysiebenaler.com\/lb\/wp-json\/wp\/v2\/comments?post=66423"}],"version-history":[{"count":38,"href":"https:\/\/bysiebenaler.com\/lb\/wp-json\/wp\/v2\/pages\/66423\/revisions"}],"predecessor-version":[{"id":76079,"href":"https:\/\/bysiebenaler.com\/lb\/wp-json\/wp\/v2\/pages\/66423\/revisions\/76079"}],"wp:attachment":[{"href":"https:\/\/bysiebenaler.com\/lb\/wp-json\/wp\/v2\/media?parent=66423"}],"curies":[{"name":"wp","href":"https:\/\/api.w.org\/{rel}","templated":true}]}}