{"id":66426,"date":"2018-01-17T14:38:16","date_gmt":"2018-01-17T13:38:16","guid":{"rendered":"http:\/\/bysiebenaler.com\/?page_id=66426"},"modified":"2018-12-07T13:49:11","modified_gmt":"2018-12-07T12:49:11","slug":"made-to-mesure","status":"publish","type":"page","link":"https:\/\/bysiebenaler.com\/lb\/made-to-mesure\/","title":{"rendered":"Sur-mesure"},"content":{"rendered":"<div class=\"wpb-content-wrapper\"><p>[vc_row row_height_percent=&#8221;0&#8243; override_padding=&#8221;yes&#8221; h_padding=&#8221;2&#8243; top_padding=&#8221;5&#8243; bottom_padding=&#8221;5&#8243; back_color=&#8221;color-lxmt&#8221; back_image=&#8221;75310&#8243; back_position=&#8221;center center&#8221; parallax=&#8221;yes&#8221; overlay_alpha=&#8221;0&#8243; gutter_size=&#8221;100&#8243; column_width_percent=&#8221;100&#8243; border_color=&#8221;color-gyho&#8221; border_style=&#8221;solid&#8221; shift_y=&#8221;0&#8243; z_index=&#8221;0&#8243; style=&#8221;inherited&#8221; css=&#8221;.vc_custom_1522911890210{border-top-width: 0px !important;border-bottom-width: 1px !important;}&#8221;][vc_column column_width_use_pixel=&#8221;yes&#8221; position_vertical=&#8221;middle&#8221; align_horizontal=&#8221;align_center&#8221; font_family=&#8221;font-762333&#8243; overlay_alpha=&#8221;100&#8243; gutter_size=&#8221;3&#8243; medium_width=&#8221;0&#8243; shift_x=&#8221;0&#8243; shift_y=&#8221;0&#8243; z_index=&#8221;0&#8243; zoom_width=&#8221;0&#8243; zoom_height=&#8221;0&#8243; width=&#8221;1\/1&#8243; column_width_pixel=&#8221;760&#8243;][vc_custom_heading heading_semantic=&#8221;h1&#8243; text_size=&#8221;fontsize-338686&#8243; text_space=&#8221;fontspace-781688&#8243; text_font=&#8221;font-202503&#8243; text_italic=&#8221;yes&#8221; text_color=&#8221;color-xsdn&#8221; sub_lead=&#8221;yes&#8221; sub_reduced=&#8221;yes&#8221; text_align=&#8221;text-center&#8221;]Sur-mesure[\/vc_custom_heading][\/vc_column][\/vc_row][vc_row row_height_percent=&#8221;0&#8243; override_padding=&#8221;yes&#8221; h_padding=&#8221;2&#8243; top_padding=&#8221;3&#8243; bottom_padding=&#8221;3&#8243; back_color=&#8221;color-lxmt&#8221; overlay_alpha=&#8221;100&#8243; gutter_size=&#8221;100&#8243; column_width_percent=&#8221;100&#8243; shift_y=&#8221;0&#8243; z_index=&#8221;0&#8243; style=&#8221;inherited&#8221;][vc_column column_width_percent=&#8221;70&#8243; align_horizontal=&#8221;align_center&#8221; overlay_alpha=&#8221;50&#8243; gutter_size=&#8221;3&#8243; medium_width=&#8221;0&#8243; mobile_width=&#8221;0&#8243; shift_x=&#8221;0&#8243; shift_y=&#8221;0&#8243; shift_y_down=&#8221;0&#8243; z_index=&#8221;0&#8243; zoom_width=&#8221;0&#8243; zoom_height=&#8221;0&#8243; width=&#8221;1\/1&#8243;][vc_custom_heading text_font=&#8221;font-202503&#8243; sub_reduced=&#8221;yes&#8221; text_align=&#8221;text-center&#8221; text_serif=&#8221;&#8221; text_uppercase=&#8221;&#8221; subheading=&#8221;Inspri\u00e9iert vun der Natur, der Sch\u00e9inheet ronderem eis, dengem Charakter an denger Geschicht<br \/>\nD\u2019Kleeder sinn eng M\u00ebschung vun Handmolereien oder och Fotoen, op luxuri\u00e9is St\u00ebffter, w\u00e9i Seid, Kotteng, L\u00e9ngent oder St\u00e9ckereien. All Design soll den individuellen a weiblechen Charakter vun der Persoun remginn an doduerch eenzegarteg an elegant wierken. D\u2019Kleeder ginn komplett a L\u00ebtzebuerg designt an hirgestallt.&#8221;]Konzept[\/vc_custom_heading][vc_button button_color=&#8221;color-prif&#8221; radius=&#8221;btn-square&#8221; outline=&#8221;yes&#8221; border_width=&#8221;0&#8243; link=&#8221;url:https%3A%2F%2Fbysiebenaler.com%2Fabout-me%23creative_steps|||&#8221; el_class=&#8221;btncenter&#8221;]M\u00c4I KLEED SCHR\u00cbTT FIR SCHR\u00cbTT[\/vc_button][\/vc_column][\/vc_row][vc_row unlock_row=&#8221;&#8221; row_height_percent=&#8221;0&#8243; override_padding=&#8221;yes&#8221; h_padding=&#8221;2&#8243; top_padding=&#8221;3&#8243; bottom_padding=&#8221;3&#8243; overlay_alpha=&#8221;100&#8243; gutter_size=&#8221;100&#8243; shift_y=&#8221;0&#8243; style=&#8221;inherited&#8221;][vc_column column_width_percent=&#8221;100&#8243; align_horizontal=&#8221;align_center&#8221; overlay_alpha=&#8221;50&#8243; gutter_size=&#8221;3&#8243; medium_width=&#8221;0&#8243; shift_x=&#8221;0&#8243; shift_y=&#8221;0&#8243; zoom_width=&#8221;0&#8243; zoom_height=&#8221;0&#8243; width=&#8221;1\/1&#8243;][vc_custom_heading text_font=&#8221;font-202503&#8243; sub_reduced=&#8221;yes&#8221; text_align=&#8221;text-center&#8221; text_serif=&#8221;&#8221; text_uppercase=&#8221;&#8221;]Entdeckt meng Kreatiounen[\/vc_custom_heading][vc_separator type=&#8221;dashed&#8221;][uncode_index el_id=&#8221;index-1&#8243; loop=&#8221;size:All|order_by:rand|order:DESC|post_type:portfolio|tax_query:117,118|by_id:-4140&#8243; filtering=&#8221;yes&#8221; filtering_position=&#8221;center&#8221; filtering_uppercase=&#8221;yes&#8221; gutter_size=&#8221;2&#8243; post_items=&#8221;media,title,category,date,text,link,author,sep-one,extra&#8221; portfolio_items=&#8221;title,media|featured|onpost|original&#8221; screen_lg=&#8221;1000&#8243; screen_md=&#8221;600&#8243; screen_sm=&#8221;480&#8243; single_text=&#8221;overlay&#8221; single_style=&#8221;dark&#8221; single_overlay_color=&#8221;color-xsdn&#8221; single_overlay_opacity=&#8221;80&#8243; single_h_align=&#8221;center&#8221; single_padding=&#8221;2&#8243; single_text_reduced=&#8221;yes&#8221; single_title_transform=&#8221;uppercase&#8221; single_title_dimension=&#8221;h6&#8243; single_title_family=&#8221;font-762333&#8243; single_border=&#8221;yes&#8221; single_css_animation=&#8221;zoom-in&#8221; single_animation_delay=&#8221;200&#8243; footer_position=&#8221;left&#8221; carousel_rtl=&#8221;&#8221; single_half_padding=&#8221;&#8221; single_title_bold=&#8221;&#8221; single_title_serif=&#8221;&#8221; single_no_background=&#8221;&#8221;][\/vc_column][\/vc_row]<\/p>\n<\/div>","protected":false},"excerpt":{"rendered":"<p>[vc_row row_height_percent=&#8221;0&#8243; override_padding=&#8221;yes&#8221; h_padding=&#8221;2&#8243; top_padding=&#8221;5&#8243; bottom_padding=&#8221;5&#8243; back_color=&#8221;color-lxmt&#8221; back_image=&#8221;75310&#8243; back_position=&#8221;center center&#8221; parallax=&#8221;yes&#8221; overlay_alpha=&#8221;0&#8243; gutter_size=&#8221;100&#8243; column_width_percent=&#8221;100&#8243; border_color=&#8221;color-gyho&#8221; border_style=&#8221;solid&#8221; shift_y=&#8221;0&#8243; z_index=&#8221;0&#8243; style=&#8221;inherited&#8221; css=&#8221;.vc_custom_1522911890210{border-top-width: [&hellip;]<\/p>\n","protected":false},"author":1,"featured_media":0,"parent":0,"menu_order":0,"comment_status":"open","ping_status":"open","template":"","meta":{"footnotes":""},"class_list":["post-66426","page","type-page","status-publish","hentry"],"_links":{"self":[{"href":"https:\/\/bysiebenaler.com\/lb\/wp-json\/wp\/v2\/pages\/66426","targetHints":{"allow":["GET"]}}],"collection":[{"href":"https:\/\/bysiebenaler.com\/lb\/wp-json\/wp\/v2\/pages"}],"about":[{"href":"https:\/\/bysiebenaler.com\/lb\/wp-json\/wp\/v2\/types\/page"}],"author":[{"embeddable":true,"href":"https:\/\/bysiebenaler.com\/lb\/wp-json\/wp\/v2\/users\/1"}],"replies":[{"embeddable":true,"href":"https:\/\/bysiebenaler.com\/lb\/wp-json\/wp\/v2\/comments?post=66426"}],"version-history":[{"count":34,"href":"https:\/\/bysiebenaler.com\/lb\/wp-json\/wp\/v2\/pages\/66426\/revisions"}],"predecessor-version":[{"id":76080,"href":"https:\/\/bysiebenaler.com\/lb\/wp-json\/wp\/v2\/pages\/66426\/revisions\/76080"}],"wp:attachment":[{"href":"https:\/\/bysiebenaler.com\/lb\/wp-json\/wp\/v2\/media?parent=66426"}],"curies":[{"name":"wp","href":"https:\/\/api.w.org\/{rel}","templated":true}]}}