{"id":66534,"date":"2018-01-19T16:25:17","date_gmt":"2018-01-19T15:25:17","guid":{"rendered":"http:\/\/bysiebenaler.com\/?page_id=66534"},"modified":"2018-12-07T13:46:49","modified_gmt":"2018-12-07T12:46:49","slug":"about-me","status":"publish","type":"page","link":"https:\/\/bysiebenaler.com\/lb\/about-me\/","title":{"rendered":"Iwert mech"},"content":{"rendered":"<div class=\"wpb-content-wrapper\"><p>[vc_row row_height_percent=&#8221;0&#8243; override_padding=&#8221;yes&#8221; h_padding=&#8221;2&#8243; top_padding=&#8221;5&#8243; bottom_padding=&#8221;5&#8243; back_color=&#8221;color-lxmt&#8221; back_image=&#8221;74952&#8243; back_position=&#8221;center top&#8221; parallax=&#8221;yes&#8221; overlay_alpha=&#8221;0&#8243; gutter_size=&#8221;100&#8243; column_width_percent=&#8221;100&#8243; border_color=&#8221;color-gyho&#8221; border_style=&#8221;solid&#8221; shift_y=&#8221;0&#8243; z_index=&#8221;0&#8243; style=&#8221;inherited&#8221; css=&#8221;.vc_custom_1518092085207{border-top-width: 0px !important;border-bottom-width: 1px !important;}&#8221;][vc_column column_width_use_pixel=&#8221;yes&#8221; position_vertical=&#8221;middle&#8221; align_horizontal=&#8221;align_center&#8221; font_family=&#8221;font-762333&#8243; overlay_alpha=&#8221;100&#8243; gutter_size=&#8221;3&#8243; medium_width=&#8221;0&#8243; shift_x=&#8221;0&#8243; shift_y=&#8221;0&#8243; z_index=&#8221;0&#8243; zoom_width=&#8221;0&#8243; zoom_height=&#8221;0&#8243; width=&#8221;1\/1&#8243; column_width_pixel=&#8221;760&#8243;][vc_custom_heading heading_semantic=&#8221;h1&#8243; text_size=&#8221;fontsize-338686&#8243; text_space=&#8221;fontspace-781688&#8243; text_font=&#8221;font-202503&#8243; text_weight=&#8221;600&#8243; text_transform=&#8221;capitalize&#8221; text_italic=&#8221;yes&#8221; text_color=&#8221;color-xsdn&#8221; sub_lead=&#8221;yes&#8221; sub_reduced=&#8221;yes&#8221; text_align=&#8221;text-center&#8221;]moien[\/vc_custom_heading][\/vc_column][\/vc_row][vc_row unlock_row=&#8221;&#8221; row_height_percent=&#8221;0&#8243; override_padding=&#8221;yes&#8221; h_padding=&#8221;2&#8243; top_padding=&#8221;3&#8243; bottom_padding=&#8221;3&#8243; overlay_alpha=&#8221;100&#8243; gutter_size=&#8221;100&#8243; shift_y=&#8221;0&#8243; style=&#8221;inherited&#8221;][vc_column column_width_percent=&#8221;80&#8243; align_horizontal=&#8221;align_center&#8221; overlay_alpha=&#8221;50&#8243; gutter_size=&#8221;3&#8243; medium_width=&#8221;0&#8243; mobile_width=&#8221;0&#8243; shift_x=&#8221;0&#8243; shift_y=&#8221;0&#8243; shift_y_down=&#8221;0&#8243; z_index=&#8221;0&#8243; zoom_width=&#8221;0&#8243; zoom_height=&#8221;0&#8243; width=&#8221;1\/1&#8243;][vc_column_text]<\/p>\n<p style=\"text-align: left;\">Ech hu m\u00e4in Diplom a Mouddesign 2010 zu Tr\u00e9ier op der Fachhochschule ofgeschloss. A menger Diplomarbecht hunn ech och deemols schon mat bedr\u00e9ckte St\u00ebffter geschafft, fir esou Owes- a Cocktailkleeder ze designen. D\u00ebst huet mech dozou inspir\u00e9iert fir m\u00e4in eegent Moudlabel BySiebenaler ze gr\u00ebnnen. Hei prob\u00e9iren ech \u00ebmmer d\u00e9i k\u00ebnschtlerech Elementer aus Zeechnungen a Molereien, w\u00e9i och Fotoen, mat St\u00ebffter ze kombin\u00e9iren. Esou versichen ech, fir Konscht an Impressiounen op Kleeder ze br\u00e9ngen.<\/p>\n<p style=\"text-align: left;\">Ech sinn eng l\u00ebtzebuerger K\u00ebnschtlerin, Designerin an N\u00e9i\u00ebsch, opgewuess an der \u201cklenger L\u00ebtzebuerger Schw\u00e4itz\u201d. D\u00e9i n\u00e9ideg Experienz duerft ech w\u00e4hrend Stagen oder Arbecht an D\u00e4itschland (Memode), Par\u00e4is (Costantino&amp;Ravaillac), Australien (Erasmus) a S\u00fcd Korea (Ji Haye for Yumi Katsura) machen, wou ech als Modelistin, Stylistin an N\u00e9i\u00ebsch geschafft hunn.<\/p>\n<p style=\"text-align: left;\">2012 hunn ech de Brev\u00eat de ma\u00eetrise comme couturi\u00e8re gemach a meng \u00e9ischt Kollektioun u Schaler erausbruet. Och d\u00e9i \u00e9ischt Owes- an Hochz\u00e4itskleeder sinn an d\u00ebser Z\u00e4it entstan, a nieweb\u00e4i hunn ech als Freelance fir divers Firmen geschafft. 2015 ass meng \u00e9ischt Kollektioun un bedr\u00e9ckten Owes- an Hochz\u00e4itskleeder entstan, mam Schw\u00e9ierpunkt, dat een d\u00ebss Kleeder och no dem groussen Dag nach kann undoen.<\/p>\n<p style=\"text-align: left;\">All Kleed soll d\u2019Pers\u00e9inlechkeet vun der Braut remginn, andems all eenzelnen Print individuell ugef\u00e4rdegt g\u00ebtt. Esou erzielt all Kleed eng individuell Geschicht.<\/p>\n<p style=\"text-align: left;\">De Label \u201cMade in Luxembourg\u201d, den ech fir d\u2019Owes-an Hochz\u00e4itskeeder, genee sou w\u00e9i fir d\u2019Schaler hunn, steet fir d\u2019Qualit\u00e9it a d\u2019Zer\u00e9ckgr\u00e4ifen op L\u00ebtzebuerger Handwierk.<\/p>\n<p>[\/vc_column_text][\/vc_column][\/vc_row][vc_row row_height_percent=&#8221;0&#8243; override_padding=&#8221;yes&#8221; h_padding=&#8221;2&#8243; top_padding=&#8221;3&#8243; bottom_padding=&#8221;3&#8243; back_color=&#8221;color-gyho&#8221; overlay_alpha=&#8221;100&#8243; gutter_size=&#8221;100&#8243; column_width_percent=&#8221;100&#8243; shift_y=&#8221;0&#8243; z_index=&#8221;0&#8243; style=&#8221;inherited&#8221;][vc_column column_width_percent=&#8221;100&#8243; align_horizontal=&#8221;align_center&#8221; overlay_alpha=&#8221;50&#8243; gutter_size=&#8221;3&#8243; medium_width=&#8221;0&#8243; shift_x=&#8221;0&#8243; shift_y=&#8221;0&#8243; zoom_width=&#8221;0&#8243; zoom_height=&#8221;0&#8243; width=&#8221;1\/1&#8243;][vc_custom_heading heading_semantic=&#8221;h1&#8243; text_size=&#8221;fontsize-155944&#8243; text_font=&#8221;font-202503&#8243; text_weight=&#8221;600&#8243;]Kreativ Schr\u00ebtt[\/vc_custom_heading][\/vc_column][\/vc_row][vc_row][vc_column width=&#8221;1\/1&#8243;][uncode_block id=&#8221;66547&#8243;][\/vc_column][\/vc_row]<\/p>\n<\/div>","protected":false},"excerpt":{"rendered":"<p>[vc_row row_height_percent=&#8221;0&#8243; override_padding=&#8221;yes&#8221; h_padding=&#8221;2&#8243; top_padding=&#8221;5&#8243; bottom_padding=&#8221;5&#8243; back_color=&#8221;color-lxmt&#8221; back_image=&#8221;74952&#8243; back_position=&#8221;center top&#8221; parallax=&#8221;yes&#8221; overlay_alpha=&#8221;0&#8243; gutter_size=&#8221;100&#8243; column_width_percent=&#8221;100&#8243; border_color=&#8221;color-gyho&#8221; border_style=&#8221;solid&#8221; shift_y=&#8221;0&#8243; z_index=&#8221;0&#8243; style=&#8221;inherited&#8221; css=&#8221;.vc_custom_1518092085207{border-top-width: [&hellip;]<\/p>\n","protected":false},"author":1,"featured_media":0,"parent":0,"menu_order":0,"comment_status":"open","ping_status":"open","template":"","meta":{"footnotes":""},"class_list":["post-66534","page","type-page","status-publish","hentry"],"_links":{"self":[{"href":"https:\/\/bysiebenaler.com\/lb\/wp-json\/wp\/v2\/pages\/66534","targetHints":{"allow":["GET"]}}],"collection":[{"href":"https:\/\/bysiebenaler.com\/lb\/wp-json\/wp\/v2\/pages"}],"about":[{"href":"https:\/\/bysiebenaler.com\/lb\/wp-json\/wp\/v2\/types\/page"}],"author":[{"embeddable":true,"href":"https:\/\/bysiebenaler.com\/lb\/wp-json\/wp\/v2\/users\/1"}],"replies":[{"embeddable":true,"href":"https:\/\/bysiebenaler.com\/lb\/wp-json\/wp\/v2\/comments?post=66534"}],"version-history":[{"count":14,"href":"https:\/\/bysiebenaler.com\/lb\/wp-json\/wp\/v2\/pages\/66534\/revisions"}],"predecessor-version":[{"id":76077,"href":"https:\/\/bysiebenaler.com\/lb\/wp-json\/wp\/v2\/pages\/66534\/revisions\/76077"}],"wp:attachment":[{"href":"https:\/\/bysiebenaler.com\/lb\/wp-json\/wp\/v2\/media?parent=66534"}],"curies":[{"name":"wp","href":"https:\/\/api.w.org\/{rel}","templated":true}]}}