{"id":74670,"date":"2018-02-01T17:47:48","date_gmt":"2018-02-01T16:47:48","guid":{"rendered":"http:\/\/bysiebenaler.com\/?page_id=74670"},"modified":"2019-12-11T13:02:40","modified_gmt":"2019-12-11T12:02:40","slug":"scarves_one","status":"publish","type":"page","link":"https:\/\/bysiebenaler.com\/lb\/scarves_one\/","title":{"rendered":"Schaler"},"content":{"rendered":"<div class=\"wpb-content-wrapper\"><p>[vc_row row_height_percent=&#8221;0&#8243; override_padding=&#8221;yes&#8221; h_padding=&#8221;2&#8243; top_padding=&#8221;5&#8243; bottom_padding=&#8221;5&#8243; back_color=&#8221;color-lxmt&#8221; back_image=&#8221;74973&#8243; back_position=&#8221;center center&#8221; parallax=&#8221;yes&#8221; overlay_alpha=&#8221;0&#8243; gutter_size=&#8221;100&#8243; column_width_percent=&#8221;100&#8243; border_color=&#8221;color-gyho&#8221; border_style=&#8221;solid&#8221; shift_y=&#8221;0&#8243; z_index=&#8221;0&#8243; style=&#8221;inherited&#8221; css=&#8221;.vc_custom_1518095500722{border-top-width: 0px !important;border-bottom-width: 1px !important;}&#8221;][vc_column column_width_use_pixel=&#8221;yes&#8221; position_vertical=&#8221;middle&#8221; align_horizontal=&#8221;align_center&#8221; font_family=&#8221;font-762333&#8243; overlay_alpha=&#8221;100&#8243; gutter_size=&#8221;3&#8243; medium_width=&#8221;0&#8243; shift_x=&#8221;0&#8243; shift_y=&#8221;0&#8243; z_index=&#8221;0&#8243; zoom_width=&#8221;0&#8243; zoom_height=&#8221;0&#8243; width=&#8221;1\/1&#8243; column_width_pixel=&#8221;760&#8243;][vc_custom_heading heading_semantic=&#8221;h1&#8243; text_size=&#8221;fontsize-338686&#8243; text_space=&#8221;fontspace-781688&#8243; text_font=&#8221;font-202503&#8243; text_transform=&#8221;capitalize&#8221; text_italic=&#8221;yes&#8221; text_color=&#8221;color-xsdn&#8221; sub_lead=&#8221;yes&#8221; sub_reduced=&#8221;yes&#8221; text_align=&#8221;text-center&#8221;]Schaler[\/vc_custom_heading][\/vc_column][\/vc_row][vc_row row_height_percent=&#8221;0&#8243; override_padding=&#8221;yes&#8221; h_padding=&#8221;2&#8243; top_padding=&#8221;3&#8243; bottom_padding=&#8221;3&#8243; back_color=&#8221;color-lxmt&#8221; overlay_alpha=&#8221;100&#8243; gutter_size=&#8221;100&#8243; column_width_percent=&#8221;100&#8243; shift_y=&#8221;0&#8243; z_index=&#8221;0&#8243; style=&#8221;inherited&#8221;][vc_column column_width_percent=&#8221;70&#8243; align_horizontal=&#8221;align_center&#8221; overlay_alpha=&#8221;50&#8243; gutter_size=&#8221;3&#8243; medium_width=&#8221;0&#8243; mobile_width=&#8221;0&#8243; shift_x=&#8221;0&#8243; shift_y=&#8221;0&#8243; shift_y_down=&#8221;0&#8243; z_index=&#8221;0&#8243; zoom_width=&#8221;0&#8243; zoom_height=&#8221;0&#8243; width=&#8221;1\/1&#8243;][vc_custom_heading text_font=&#8221;font-202503&#8243; sub_reduced=&#8221;yes&#8221; text_align=&#8221;text-center&#8221; text_serif=&#8221;&#8221; text_uppercase=&#8221;&#8221; subheading=&#8221;D\u2019Iddien fir d\u00e9i eenzel Muster entstinn duerch d\u2019Verwandlung vun alld\u00e4glechen Inspiratiounen an en elegant Design. Virun allem d\u2019Natur, an all hirer Sch\u00e9inheet, ass hei eng ganz essentiell Inspiratiounsquell. Den Ursprong vum Design, l\u00e4it an den Zeechnungen oder och Fotoen vun d\u00ebsen Andr\u00e9ck, an esou entsteet eng Symbios t\u00ebscht denen eenzelnen Impressiounen, de Choix u Farwen a natirlech dem Stoff. D\u00e9i realis\u00e9iert Muster sollen een inspir\u00e9iren, an eng gew\u00ebssen Fantasie an eisen Liewensstyl mat afl\u00e9issen loossen, fir eise Geescht ze erfr\u00ebschen. All Kollektioun g\u00ebtt an enger streng limit\u00e9ierter Oplag digital op verschidden natirlech St\u00ebffter gedr\u00e9ckt, w\u00e9i zum Beispill, Seid oder Cashmere, awer och op hallef-natirlech St\u00ebffter, w\u00e9i Modal, gem\u00ebscht mat Seid oder Cashmere.&#8221;]Konzept[\/vc_custom_heading][\/vc_column][\/vc_row][vc_row unlock_row=&#8221;&#8221; row_height_percent=&#8221;0&#8243; override_padding=&#8221;yes&#8221; h_padding=&#8221;2&#8243; top_padding=&#8221;3&#8243; bottom_padding=&#8221;3&#8243; overlay_alpha=&#8221;100&#8243; gutter_size=&#8221;100&#8243; shift_y=&#8221;0&#8243; style=&#8221;inherited&#8221;][vc_column column_width_percent=&#8221;100&#8243; align_horizontal=&#8221;align_center&#8221; overlay_alpha=&#8221;50&#8243; gutter_size=&#8221;3&#8243; medium_width=&#8221;0&#8243; shift_x=&#8221;0&#8243; shift_y=&#8221;0&#8243; zoom_width=&#8221;0&#8243; zoom_height=&#8221;0&#8243; width=&#8221;1\/1&#8243;][vc_column_text][\/vc_column_text][\/vc_column][\/vc_row][vc_row row_height_percent=&#8221;0&#8243; override_padding=&#8221;yes&#8221; h_padding=&#8221;2&#8243; top_padding=&#8221;2&#8243; bottom_padding=&#8221;3&#8243; overlay_alpha=&#8221;0&#8243; gutter_size=&#8221;3&#8243; column_width_percent=&#8221;100&#8243; shift_y=&#8221;0&#8243; z_index=&#8221;0&#8243;][vc_column column_width_percent=&#8221;100&#8243; position_vertical=&#8221;middle&#8221; align_horizontal=&#8221;align_center&#8221; style=&#8221;dark&#8221; overlay_alpha=&#8221;50&#8243; gutter_size=&#8221;3&#8243; medium_width=&#8221;4&#8243; shift_x=&#8221;0&#8243; shift_y=&#8221;0&#8243; css_animation=&#8221;bottom-t-top&#8221; animation_delay=&#8221;400&#8243; zoom_width=&#8221;0&#8243; zoom_height=&#8221;0&#8243; width=&#8221;1\/4&#8243;][\/vc_column][vc_column column_width_percent=&#8221;100&#8243; align_horizontal=&#8221;align_center&#8221; overlay_alpha=&#8221;50&#8243; gutter_size=&#8221;2&#8243; medium_width=&#8221;4&#8243; mobile_visibility=&#8221;yes&#8221; mobile_width=&#8221;0&#8243; shift_x=&#8221;0&#8243; shift_y=&#8221;0&#8243; shift_y_down=&#8221;0&#8243; z_index=&#8221;0&#8243; zoom_width=&#8221;0&#8243; zoom_height=&#8221;0&#8243; width=&#8221;1\/2&#8243;][vc_button button_color=&#8221;color-prif&#8221; radius=&#8221;btn-square&#8221; outline=&#8221;yes&#8221; border_width=&#8221;0&#8243; link=&#8221;url:http%3A%2F%2Fbysiebenaler.com%2Fboutique%2F|||&#8221; el_class=&#8221;btncenter&#8221;]E-SHOP[\/vc_button][\/vc_column][vc_column column_width_percent=&#8221;100&#8243; overlay_alpha=&#8221;50&#8243; gutter_size=&#8221;3&#8243; medium_width=&#8221;0&#8243; mobile_width=&#8221;0&#8243; shift_x=&#8221;0&#8243; shift_y=&#8221;0&#8243; shift_y_down=&#8221;0&#8243; z_index=&#8221;0&#8243; width=&#8221;1\/4&#8243;][\/vc_column][\/vc_row]<\/p>\n<\/div>","protected":false},"excerpt":{"rendered":"<p>[vc_row row_height_percent=&#8221;0&#8243; override_padding=&#8221;yes&#8221; h_padding=&#8221;2&#8243; top_padding=&#8221;5&#8243; bottom_padding=&#8221;5&#8243; back_color=&#8221;color-lxmt&#8221; back_image=&#8221;74973&#8243; back_position=&#8221;center center&#8221; parallax=&#8221;yes&#8221; overlay_alpha=&#8221;0&#8243; gutter_size=&#8221;100&#8243; column_width_percent=&#8221;100&#8243; border_color=&#8221;color-gyho&#8221; border_style=&#8221;solid&#8221; shift_y=&#8221;0&#8243; z_index=&#8221;0&#8243; style=&#8221;inherited&#8221; css=&#8221;.vc_custom_1518095500722{border-top-width: [&hellip;]<\/p>\n","protected":false},"author":1,"featured_media":0,"parent":0,"menu_order":0,"comment_status":"open","ping_status":"open","template":"","meta":{"footnotes":""},"class_list":["post-74670","page","type-page","status-publish","hentry"],"_links":{"self":[{"href":"https:\/\/bysiebenaler.com\/lb\/wp-json\/wp\/v2\/pages\/74670","targetHints":{"allow":["GET"]}}],"collection":[{"href":"https:\/\/bysiebenaler.com\/lb\/wp-json\/wp\/v2\/pages"}],"about":[{"href":"https:\/\/bysiebenaler.com\/lb\/wp-json\/wp\/v2\/types\/page"}],"author":[{"embeddable":true,"href":"https:\/\/bysiebenaler.com\/lb\/wp-json\/wp\/v2\/users\/1"}],"replies":[{"embeddable":true,"href":"https:\/\/bysiebenaler.com\/lb\/wp-json\/wp\/v2\/comments?post=74670"}],"version-history":[{"count":33,"href":"https:\/\/bysiebenaler.com\/lb\/wp-json\/wp\/v2\/pages\/74670\/revisions"}],"predecessor-version":[{"id":78383,"href":"https:\/\/bysiebenaler.com\/lb\/wp-json\/wp\/v2\/pages\/74670\/revisions\/78383"}],"wp:attachment":[{"href":"https:\/\/bysiebenaler.com\/lb\/wp-json\/wp\/v2\/media?parent=74670"}],"curies":[{"name":"wp","href":"https:\/\/api.w.org\/{rel}","templated":true}]}}